{"id":343,"date":"2021-04-12T07:05:58","date_gmt":"2021-04-12T07:05:58","guid":{"rendered":"http:\/\/localhost\/trungson\/privacy-policy\/"},"modified":"2022-01-07T09:01:37","modified_gmt":"2022-01-07T02:01:37","slug":"privacy-policy","status":"publish","type":"page","link":"https:\/\/maydaptrungson.com\/en\/privacy-policy\/","title":{"rendered":"Quy \u0111\u1ecbnh b\u1ea3o m\u1eadt"},"content":{"rendered":"\n<p><em>maydaptrungson.com<\/em>&nbsp;cam k\u1ebft s\u1ebd b\u1ea3o m\u1eadt nh\u1eefng th\u00f4ng tin mang t\u00ednh ri\u00eang t\u01b0 c\u1ee7a kh\u00e1ch h\u00e0ng. Qu\u00fd kh\u00e1ch vui l\u00f2ng \u0111\u1ecdc b\u1ea3n \u201cCh\u00ednh s\u00e1ch b\u1ea3o m\u1eadt\u201d d\u01b0\u1edbi \u0111\u00e2y \u0111\u1ec3 hi\u1ec3u h\u01a1n nh\u1eefng cam k\u1ebft m\u00e0 ch\u00fang t\u00f4i th\u1ef1c hi\u1ec7n, nh\u1eb1m t\u00f4n tr\u1ecdng v\u00e0 b\u1ea3o v\u1ec7 quy\u1ec1n l\u1ee3i c\u1ee7a ng\u01b0\u1eddi truy c\u1eadp.<\/p>\n\n\n\n<p><strong>1. M<\/strong><strong>\u1ee5<\/strong><strong>c <\/strong><strong>\u0111<\/strong><strong>\u00ed<\/strong><strong>ch v<\/strong><strong>\u00e0<\/strong><strong> ph<\/strong><strong>\u1ea1<\/strong><strong>m vi thu th<\/strong><strong>\u1ead<\/strong><strong>p th<\/strong><strong>\u00f4<\/strong><strong>ng tin<\/strong><\/p>\n\n\n\n<p>\u0110\u1ec3 thu\u1eadn ti\u1ec7n cho vi\u1ec7c ch\u0103m s\u00f3c kh\u00e1ch h\u00e0ng t\u1ed1t nh\u1ea5t, ch\u00fang t\u00f4i c\u00f3 th\u1ec3 y\u00eau c\u1ea7u b\u1ea1n \u0111\u0103ng k\u00ed m\u1ed9t s\u1ed1 th\u00f4ng tin c\u00e1 nh\u00e2n. M\u1ecdi th\u00f4ng tin \u0111\u01b0\u1ee3c khai b\u00e1o ng\u01b0\u1eddi d\u00f9ng t\u1ef1 \u0111\u1ea3m b\u1ea3o t\u00ednh ch\u00ednh x\u00e1c v\u00e0 CTY TNHH C\u01a0 KH\u00cd TRUNG S\u01a0N&nbsp;s\u1ebd kh\u00f4ng ch\u1ecbu tr\u00e1ch nhi\u1ec7m li\u00ean quan n\u1ebfu c\u00f3 v\u1ea5n \u0111\u1ec1 v\u1ec1 ph\u00e1p lu\u1eadt.<\/p>\n\n\n\n<p>&#8211; Khi qu\u00fd kh\u00e1ch \u0111\u0103ng k\u00fd t\u00e0i kho\u1ea3n t\u1ea1i&nbsp;<em>maydaptrungson.com<\/em>, th\u00f4ng tin c\u00e1 nh\u00e2n m\u00e0 ch\u00fang t\u00f4i thu th\u1eadp bao g\u1ed3m: H\u1ecd v\u00e0 t\u00ean, c\u00f4ng ty, \u0111\u1ecba ch\u1ec9, s\u1ed1 \u0111i\u1ec7n tho\u1ea1i, s\u1ed1 fax, email, lo\u1ea1i m\u00e1y c\u1ea7n mua (model, th\u01b0\u01a1ng hi\u1ec7u, n\u01b0\u1edbc s\u1ea3n xu\u1ea5t).<\/p>\n\n\n\n<p>&#8211; Ch\u00fang t\u00f4i c\u0169ng c\u00f3 th\u1ec3 thu th\u1eadp c\u00e1c th\u00f4ng tin v\u1ec1: s\u1ed1 l\u1ea7n vi\u1ebfng th\u0103m, s\u1ed1 trang b\u1ea1n theo d\u00f5i, s\u1ed1 link (li\u00ean k\u1ebft) b\u1ea1n click v\u00e0 nh\u1eefng th\u00f4ng tin \u0111\u01b0\u1ee3c cho l\u00e0 c\u00f3 k\u1ebft n\u1ed1i \u0111\u1ebfn site <em>maydaptrungson.com<\/em><\/p>\n\n\n\n<p>Ch\u00fang t\u00f4i c\u0169ng s\u1ebd thu th\u1eadp th\u00f4ng tin m\u00e0 tr\u00ecnh duy\u1ec7t Web (Browser) b\u1ea1n d\u00f9ng khi truy c\u1eadp v\u00e0o maydapdatanh.com, bao g\u1ed3m: \u0111\u1ecba ch\u1ec9 IP, Browser, ng\u00f4n ng\u1eef, th\u1eddi gian v\u00e0 nh\u1eefng \u0111\u1ecba ch\u1ec9 kh\u00e1c m\u00e0 Browser truy xu\u1ea5t li\u00ean quan.<\/p>\n\n\n\n<p><strong>2. Ph<\/strong><strong>\u1ea1<\/strong><strong>m vi s<\/strong><strong>\u1eed<\/strong><strong> d<\/strong><strong>\u1ee5<\/strong><strong>ng th<\/strong><strong>\u00f4<\/strong><strong>ng tin<\/strong><\/p>\n\n\n\n<p>CTY TNHH C\u01a0 KH\u00cd TRUNG S\u01a0N&nbsp;thu th\u1eadp th\u00f4ng tin c\u1ee7a kh\u00e1ch h\u00e0ng v\u1edbi m\u1ee5c \u0111\u00edch ph\u00f9 h\u1ee3p v\u00e0 ho\u00e0n to\u00e0n tu\u00e2n th\u1ee7 \u0111\u00fang theo n\u1ed9i dung c\u1ee7a \u201cCh\u00ednh s\u00e1ch b\u1ea3o m\u1eadt\u201d n\u00e0y.<br>Th\u00f4ng tin c\u00e1 nh\u00e2n c\u1ee7a qu\u00fd kh\u00e1ch h\u00e0ng,  CTY TNHH C\u01a0 KH\u00cd TRUNG S\u01a0N  ch\u1ec9 s\u1eed d\u1ee5ng n\u1ed9i b\u1ed9 cho m\u1ed9t ho\u1eb7c t\u1ea5t c\u1ea3 c\u00e1c m\u1ee5c \u0111\u00edch sau \u0111\u00e2y:<\/p>\n\n\n\n<ul><li>H\u1ed7 tr\u1ee3 kh\u00e1ch h\u00e0ng khi mua s\u1ea3n ph\u1ea9m.<\/li><li>Giao h\u00e0ng cho qu\u00fd kh\u00e1ch.<\/li><li>Gi\u1ea3i \u0111\u00e1p th\u1eafc m\u1eafc kh\u00e1ch h\u00e0ng.<\/li><li>Cung c\u1ea5p cho qu\u00fd kh\u00e1ch th\u00f4ng tin m\u1edbi nh\u1ea5t tr\u00ean Website c\u1ee7a ch\u00fang t\u00f4i.<\/li><\/ul>\n\n\n\n<p>Khi c\u1ea7n thi\u1ebft ch\u00fang t\u00f4i c\u0169ng c\u00f3 th\u1ec3 s\u1eed d\u1ee5ng c\u00e1c th\u00f4ng tin n\u00e0y \u0111\u1ec3 li\u00ean h\u1ec7 tr\u1ef1c ti\u1ebfp \u0111\u1ebfn kh\u00e1ch h\u00e0ng th\u00f4ng qua m\u1ed9t s\u1ed1 h\u00ecnh th\u1ee9c:<\/p>\n\n\n\n<ul><li>X\u00e1c nh\u1eadn \u0111\u01a1n \u0111\u1eb7t h\u00e0ng.<\/li><li>Th\u01b0 ng\u1ecf v\u00e0 th\u01b0 c\u1ea3m \u01a1n.<\/li><li>Th\u00f4ng tin v\u1ec1 b\u1ea3o h\u00e0nh v\u00e0 d\u1ecbch v\u1ee5 k\u1ef9 thu\u1eadt.<\/li><li>Th\u00f4ng b\u00e1o c\u00e1c ch\u01b0\u01a1ng tr\u00ecnh khuy\u1ebfn m\u00e3i, \u01b0u \u0111\u00e3i\u2026<\/li><\/ul>\n\n\n\n<p><strong>3. Th<\/strong><strong>\u1edd<\/strong><strong>i gian l<\/strong><strong>\u01b0<\/strong><strong>u tr<\/strong><strong>\u1eef<\/strong><strong> th<\/strong><strong>\u00f4<\/strong><strong>ng tin<\/strong><br>&nbsp;&nbsp;&#8211; Th\u1eddi gian l\u01b0u tr\u1eef th\u00f4ng tin l\u00e0 1 n\u0103m \u0111\u1ed1i v\u1edbi h\u00e0nh vi truy c\u1eadp trang web.<br>&nbsp;&nbsp;&#8211; \u0110\u1ed1i v\u1edbi th\u00f4ng tin c\u00e1 nh\u00e2n ch\u00fang t\u00f4i ch\u1ec9 x\u00f3a \u0111i d\u1eef li\u1ec7u n\u00e0y n\u1ebfu kh\u00e1ch h\u00e0ng c\u00f3 y\u00eau c\u1ea7u ho\u1eb7c kh\u00e1ch h\u00e0ng c\u00f3 th\u1ec3 t\u1ef1 \u0111\u0103ng nh\u1eadp v\u00e0o t\u00e0i kho\u1ea3n c\u1ee7a m\u00ecnh v\u00e0 x\u00f3a \u0111i. Ng\u01b0\u1ee3c l\u1ea1i n\u1ebfu kh\u00e1ch h\u00e0ng kh\u00f4ng c\u00f3 y\u00eau c\u1ea7u v\u00e0 kh\u00f4ng t\u1ef1 x\u00f3a d\u1eef li\u1ec7u th\u00ec nh\u1eefng d\u1eef li\u1ec7u n\u00e0y s\u1ebd \u0111\u01b0\u1ee3c l\u01b0u tr\u1eef t\u1ea1i h\u1ec7 th\u1ed1ng m\u00e1y ch\u1ee7 c\u1ee7a <em>maydaptrungson.com<\/em><\/p>\n\n\n\n<p><strong>4. <\/strong><strong>\u0110\u1ecb<\/strong><strong>a ch<\/strong><strong>\u1ec9<\/strong><strong> c<\/strong><strong>\u1ee7<\/strong><strong>a <\/strong><strong>\u0111\u01a1<\/strong><strong>n v<\/strong><strong>\u1ecb<\/strong><strong> thu th<\/strong><strong>\u1ead<\/strong><strong>p v<\/strong><strong>\u00e0<\/strong><strong> qu<\/strong><strong>\u1ea3<\/strong><strong>n l<\/strong><strong>\u00fd<\/strong><strong> th<\/strong><strong>\u00f4<\/strong><strong>ng tin c<\/strong><strong>\u00e1<\/strong><strong> nh<\/strong><strong>\u00e2<\/strong><strong>n<\/strong><\/p>\n\n\n\n<p>C\u00d4NG TY TNHH C\u01a0 KH\u00cd TRUNG S\u01a0N<br>&nbsp;&nbsp;&#8211; \u0110\u1ecba ch\u1ec9: 744 QU\u1ed0C L\u1ed8 1A, P. B\u00ccNH H\u01afNG H\u00d2A B, Q. B\u00ccNH T\u00c2N, TP. H\u1ed2 CH\u00cd MINH.<br>&nbsp;&nbsp;&#8211; \u0110i\u1ec7n tho\u1ea1i: 0914 156 119 \u2013 0903 156 119.<\/p>\n\n\n\n<p><strong>5. Ph<\/strong><strong>\u01b0\u01a1<\/strong><strong>ng ti<\/strong><strong>\u1ec7<\/strong><strong>n v<\/strong><strong>\u00e0<\/strong><strong> c<\/strong><strong>\u00f4<\/strong><strong>ng c<\/strong><strong>\u1ee5<\/strong><strong> <\/strong><strong>\u0111\u1ec3<\/strong><strong> kh<\/strong><strong>\u00e1<\/strong><strong>ch h<\/strong><strong>\u00e0<\/strong><strong>ng ti<\/strong><strong>\u1ebf<\/strong><strong>p c<\/strong><strong>\u1ead<\/strong><strong>n v<\/strong><strong>\u00e0<\/strong><strong> ch<\/strong><strong>\u1ec9<\/strong><strong>nh s<\/strong><strong>\u1eed<\/strong><strong>a d<\/strong><strong>\u1eef<\/strong><strong> li<\/strong><strong>\u1ec7<\/strong><strong>u c<\/strong><strong>\u00e1<\/strong><strong> nh<\/strong><strong>\u00e2<\/strong><strong>n<\/strong><br>Kh\u00e1ch h\u00e0ng c\u00f3 th\u1ec3 \u0111\u0103ng nh\u1eadp v\u00e0o t\u00e0i kho\u1ea3n c\u00e1 nh\u00e2n c\u1ee7a m\u00ecnh tr\u00ean website <em>maydaptrungson.com<\/em> v\u00e0 d\u00f9ng ch\u1ee9c n\u0103ng \u201cCh\u1ec9nh s\u1eeda\u201d \u0111\u1ec3 \u0111i\u1ec1u ch\u1ec9nh ho\u1eb7c x\u00f3a \u0111i d\u1eef li\u1ec7u.<\/p>\n\n\n\n<p><strong>6. Cam k\u1ebft b\u1ea3o m\u1eadt th\u00f4ng tin c\u00e1 nh\u00e2n kh\u00e1ch h\u00e0ng<\/strong><br>&nbsp;&nbsp;&#8211; T\u1ea1i  CTY TNHH C\u01a0 KH\u00cd TRUNG S\u01a0N , s\u1ef1 ri\u00eang t\u01b0 c\u1ee7a kh\u00e1ch h\u00e0ng&nbsp; truy c\u1eadp l\u00e0 c\u1ef1c k\u1ef3 quan tr\u1ecdng. Vi\u1ec7c thu th\u1eadp v\u00e0 s\u1eed d\u1ee5ng th\u00f4ng tin c\u1ee7a kh\u00e1ch h\u00e0ng ch\u1ec9 \u0111\u01b0\u1ee3c th\u1ef1c hi\u1ec7n khi c\u00f3 s\u1ef1 \u0111\u1ed3ng \u00fd c\u1ee7a b\u1ea1n ho\u1eb7c tr\u1eeb tr\u01b0\u1eddng h\u1ee3p ph\u00e1p lu\u1eadt c\u00f3 nh\u1eefng quy \u0111\u1ecbnh kh\u00e1c.<\/p>\n\n\n\n<p>&#8211; CTY TNHH C\u01a0 KH\u00cd TRUNG S\u01a0N&nbsp;cam k\u1ebft kh\u00f4ng b\u00e1n, chia s\u1ebb hay trao \u0111\u1ed5i th\u00f4ng tin c\u00e1 nh\u00e2n c\u1ee7a kh\u00e1ch h\u00e0ng m\u00e0 ch\u00fang t\u00f4i thu th\u1eadp \u0111\u01b0\u1ee3c tr\u00ean trang web cho m\u1ed9t b\u00ean th\u1ee9 ba n\u00e0o kh\u00e1c ngo\u1ea1i tr\u1eeb nh\u1eefng c\u00f4ng ty v\u00e0 c\u00e1c b\u00ean th\u1ee9 ba c\u00f3 li\u00ean quan tr\u1ef1c ti\u1ebfp \u0111\u1ebfn vi\u1ec7c giao h\u00e0ng cho qu\u00fd kh\u00e1ch.<\/p>\n\n\n\n<p>&#8211; Trong m\u1ed9t v\u00e0i tr\u01b0\u1eddng h\u1ee3p \u0111\u1eb7c bi\u1ec7t, CTY TNHH C\u01a0 KH\u00cd TRUNG S\u01a0N&nbsp;c\u00f3 th\u1ec3 b\u1ecb y\u00eau c\u1ea7u ph\u1ea3i ti\u1ebft l\u1ed9 th\u00f4ng tin c\u00e1 nh\u00e2n, v\u00ed d\u1ee5 nh\u01b0 khi c\u00f3 c\u0103n c\u1ee9 cho vi\u1ec7c ti\u1ebft l\u1ed9 th\u00f4ng tin l\u00e0 c\u1ea7n thi\u1ebft \u0111\u1ec3 ng\u0103n ch\u1eb7n c\u00e1c m\u1ed1i \u0111e d\u1ecda v\u1ec1 t\u00ednh m\u1ea1ng v\u00e0 s\u1ee9c kh\u1ecfe, hay cho m\u1ee5c \u0111\u00edch th\u1ef1c thi ph\u00e1p lu\u1eadt.<\/p>\n\n\n\n<p> CTY TNHH C\u01a0 KH\u00cd TRUNG S\u01a0N &nbsp;cam k\u1ebft tu\u00e2n th\u1ee7 \u0110\u1ea1o lu\u1eadt B\u1ea3o m\u1eadt v\u00e0 c\u00e1c Nguy\u00ean t\u1eafc B\u1ea3o m\u1eadt Qu\u1ed1c gia.<br>&nbsp;&nbsp;&#8211; N\u1ebfu qu\u00fd kh\u00e1ch tin r\u1eb1ng b\u1ea3o m\u1eadt c\u1ee7a qu\u00fd kh\u00e1ch b\u1ecb CTY TNHH C\u01a0 KH\u00cd TRUNG S\u01a0N&nbsp;x\u00e2m ph\u1ea1m, xin vui l\u00f2ng li\u00ean h\u1ec7 v\u1edbi ch\u00fang t\u00f4i t\u1ea1i \u0111\u1ecba ch\u1ec9 <em>trungsonmachinetool@gmail.com<\/em>&nbsp;\u0111\u1ec3 \u0111\u01b0\u1ee3c gi\u1ea3i quy\u1ebft v\u1ea5n \u0111\u1ec1.<\/p>\n","protected":false},"excerpt":{"rendered":"<p>maydaptrungson.com&nbsp;cam k\u1ebft s\u1ebd b\u1ea3o m\u1eadt nh\u1eefng th\u00f4ng tin mang t\u00ednh ri\u00eang t\u01b0 c\u1ee7a kh\u00e1ch h\u00e0ng. Qu\u00fd kh\u00e1ch vui l\u00f2ng \u0111\u1ecdc b\u1ea3n \u201cCh\u00ednh s\u00e1ch b\u1ea3o m\u1eadt\u201d d\u01b0\u1edbi \u0111\u00e2y \u0111\u1ec3 hi\u1ec3u h\u01a1n nh\u1eefng cam k\u1ebft m\u00e0 ch\u00fang t\u00f4i th\u1ef1c hi\u1ec7n, nh\u1eb1m t\u00f4n tr\u1ecdng v\u00e0 b\u1ea3o v\u1ec7 quy\u1ec1n l\u1ee3i c\u1ee7a ng\u01b0\u1eddi truy c\u1eadp. 1. M\u1ee5c \u0111\u00edch v\u00e0 ph\u1ea1m [&hellip;]<\/p>\n","protected":false},"author":1,"featured_media":0,"parent":0,"menu_order":0,"comment_status":"closed","ping_status":"closed","template":"","meta":[],"yoast_head":"<!-- This site is optimized with the Yoast SEO plugin v16.1.1 - https:\/\/yoast.com\/wordpress\/plugins\/seo\/ -->\n<title>Quy \u0111\u1ecbnh b\u1ea3o m\u1eadt - C\u01a1 kh\u00ed Trung S\u01a1n<\/title>\n<meta property=\"og:locale\" content=\"en_US\" \/>\n<meta property=\"og:type\" content=\"article\" \/>\n<meta property=\"og:title\" content=\"Quy \u0111\u1ecbnh b\u1ea3o m\u1eadt - C\u01a1 kh\u00ed Trung S\u01a1n\" \/>\n<meta property=\"og:description\" content=\"maydaptrungson.com&nbsp;cam k\u1ebft s\u1ebd b\u1ea3o m\u1eadt nh\u1eefng th\u00f4ng tin mang t\u00ednh ri\u00eang t\u01b0 c\u1ee7a kh\u00e1ch h\u00e0ng. Qu\u00fd kh\u00e1ch vui l\u00f2ng \u0111\u1ecdc b\u1ea3n \u201cCh\u00ednh s\u00e1ch b\u1ea3o m\u1eadt\u201d d\u01b0\u1edbi \u0111\u00e2y \u0111\u1ec3 hi\u1ec3u h\u01a1n nh\u1eefng cam k\u1ebft m\u00e0 ch\u00fang t\u00f4i th\u1ef1c hi\u1ec7n, nh\u1eb1m t\u00f4n tr\u1ecdng v\u00e0 b\u1ea3o v\u1ec7 quy\u1ec1n l\u1ee3i c\u1ee7a ng\u01b0\u1eddi truy c\u1eadp. 1. M\u1ee5c \u0111\u00edch v\u00e0 ph\u1ea1m [&hellip;]\" \/>\n<meta property=\"og:url\" content=\"https:\/\/maydaptrungson.com\/en\/privacy-policy\/\" \/>\n<meta property=\"og:site_name\" content=\"C\u01a1 kh\u00ed Trung S\u01a1n\" \/>\n<meta property=\"article:modified_time\" content=\"2022-01-07T02:01:37+00:00\" \/>\n<meta name=\"twitter:card\" content=\"summary_large_image\" \/>\n<meta name=\"twitter:label1\" content=\"Est. reading time\">\n\t<meta name=\"twitter:data1\" content=\"1 minute\">\n<script type=\"application\/ld+json\" class=\"yoast-schema-graph\">{\"@context\":\"https:\/\/schema.org\",\"@graph\":[{\"@type\":[\"Person\",\"Organization\"],\"@id\":\"https:\/\/maydaptrungson.com\/#\/schema\/person\/3779f99d22b80b6f2c786e5e3efb2246\",\"name\":\"admin\",\"image\":{\"@type\":\"ImageObject\",\"@id\":\"https:\/\/maydaptrungson.com\/#personlogo\",\"inLanguage\":\"en-US\",\"url\":\"https:\/\/secure.gravatar.com\/avatar\/6c80d44720e1a486f97bde77f954438a?s=96&d=mm&r=g\",\"contentUrl\":\"https:\/\/secure.gravatar.com\/avatar\/6c80d44720e1a486f97bde77f954438a?s=96&d=mm&r=g\",\"caption\":\"admin\"},\"logo\":{\"@id\":\"https:\/\/maydaptrungson.com\/#personlogo\"}},{\"@type\":\"WebSite\",\"@id\":\"https:\/\/maydaptrungson.com\/#website\",\"url\":\"https:\/\/maydaptrungson.com\/\",\"name\":\"C\\u01a1 kh\\u00ed Trung S\\u01a1n\",\"description\":\"\",\"publisher\":{\"@id\":\"https:\/\/maydaptrungson.com\/#\/schema\/person\/3779f99d22b80b6f2c786e5e3efb2246\"},\"potentialAction\":[{\"@type\":\"SearchAction\",\"target\":\"https:\/\/maydaptrungson.com\/?s={search_term_string}\",\"query-input\":\"required name=search_term_string\"}],\"inLanguage\":\"en-US\"},{\"@type\":\"WebPage\",\"@id\":\"https:\/\/maydaptrungson.com\/en\/privacy-policy\/#webpage\",\"url\":\"https:\/\/maydaptrungson.com\/en\/privacy-policy\/\",\"name\":\"Quy \\u0111\\u1ecbnh b\\u1ea3o m\\u1eadt - C\\u01a1 kh\\u00ed Trung S\\u01a1n\",\"isPartOf\":{\"@id\":\"https:\/\/maydaptrungson.com\/#website\"},\"datePublished\":\"2021-04-12T07:05:58+00:00\",\"dateModified\":\"2022-01-07T02:01:37+00:00\",\"breadcrumb\":{\"@id\":\"https:\/\/maydaptrungson.com\/en\/privacy-policy\/#breadcrumb\"},\"inLanguage\":\"en-US\",\"potentialAction\":[{\"@type\":\"ReadAction\",\"target\":[\"https:\/\/maydaptrungson.com\/en\/privacy-policy\/\"]}]},{\"@type\":\"BreadcrumbList\",\"@id\":\"https:\/\/maydaptrungson.com\/en\/privacy-policy\/#breadcrumb\",\"itemListElement\":[{\"@type\":\"ListItem\",\"position\":1,\"item\":{\"@type\":\"WebPage\",\"@id\":\"https:\/\/maydaptrungson.com\/en\/\",\"url\":\"https:\/\/maydaptrungson.com\/en\/\",\"name\":\"Homepage\"}},{\"@type\":\"ListItem\",\"position\":2,\"item\":{\"@type\":\"WebPage\",\"@id\":\"https:\/\/maydaptrungson.com\/en\/privacy-policy\/\",\"url\":\"https:\/\/maydaptrungson.com\/en\/privacy-policy\/\",\"name\":\"Quy \\u0111\\u1ecbnh b\\u1ea3o m\\u1eadt\"}}]}]}<\/script>\n<!-- \/ Yoast SEO plugin. -->","_links":{"self":[{"href":"https:\/\/maydaptrungson.com\/en\/wp-json\/wp\/v2\/pages\/343"}],"collection":[{"href":"https:\/\/maydaptrungson.com\/en\/wp-json\/wp\/v2\/pages"}],"about":[{"href":"https:\/\/maydaptrungson.com\/en\/wp-json\/wp\/v2\/types\/page"}],"author":[{"embeddable":true,"href":"https:\/\/maydaptrungson.com\/en\/wp-json\/wp\/v2\/users\/1"}],"replies":[{"embeddable":true,"href":"https:\/\/maydaptrungson.com\/en\/wp-json\/wp\/v2\/comments?post=343"}],"version-history":[{"count":2,"href":"https:\/\/maydaptrungson.com\/en\/wp-json\/wp\/v2\/pages\/343\/revisions"}],"predecessor-version":[{"id":513,"href":"https:\/\/maydaptrungson.com\/en\/wp-json\/wp\/v2\/pages\/343\/revisions\/513"}],"wp:attachment":[{"href":"https:\/\/maydaptrungson.com\/en\/wp-json\/wp\/v2\/media?parent=343"}],"curies":[{"name":"wp","href":"https:\/\/api.w.org\/{rel}","templated":true}]}}